{"id":10,"date":"2018-11-24T11:00:08","date_gmt":"2018-11-24T11:00:08","guid":{"rendered":"http:\/\/localhost:8888\/rumburak\/?page_id=10"},"modified":"2022-01-20T14:46:52","modified_gmt":"2022-01-20T13:46:52","slug":"agencja-filmowa","status":"publish","type":"page","link":"https:\/\/rumburakprodukcja.pl\/en\/agencja-filmowa\/","title":{"rendered":"o nas"},"content":{"rendered":"<p>[et_pb_section fb_built=&#8221;1&#8243; _builder_version=&#8221;3.22.3&#8243; custom_padding=&#8221;54px|0px|4px|0px|false|false&#8221; global_colors_info=&#8221;{}&#8221;][et_pb_row _builder_version=&#8221;3.25&#8243; max_width=&#8221;80%&#8221; custom_margin=&#8221;-7px||&#8221; use_custom_width=&#8221;on&#8221; width_unit=&#8221;off&#8221; global_colors_info=&#8221;{}&#8221;][et_pb_column type=&#8221;4_4&#8243; _builder_version=&#8221;3.25&#8243; custom_padding=&#8221;|||&#8221; global_colors_info=&#8221;{}&#8221; custom_padding__hover=&#8221;|||&#8221;][et_pb_text _builder_version=&#8221;3.27.4&#8243; text_font=&#8221;||||||||&#8221; header_font=&#8221;||||||||&#8221; header_2_font=&#8221;|800|||||||&#8221; header_2_font_size=&#8221;50px&#8221; global_colors_info=&#8221;{}&#8221;]<\/p>\n<h2>O nas<\/h2>\n<p>[\/et_pb_text][et_pb_image src=&#8221;https:\/\/rumburakprodukcja.pl\/wp-content\/uploads\/2021\/12\/bts-rumburak-impact-4347-min-e1640870034464.jpg&#8221; title_text=&#8221;bts-rumburak-impact-4347-min&#8221; align_tablet=&#8221;center&#8221; align_phone=&#8221;&#8221; align_last_edited=&#8221;on|desktop&#8221; _builder_version=&#8221;4.11.1&#8243; max_width=&#8221;99%&#8221; module_alignment=&#8221;center&#8221; global_colors_info=&#8221;{}&#8221;][\/et_pb_image][\/et_pb_column][\/et_pb_row][\/et_pb_section][et_pb_section fb_built=&#8221;1&#8243; _builder_version=&#8221;3.22.3&#8243; custom_padding=&#8221;0|0px|0|0px|true|false&#8221; global_colors_info=&#8221;{}&#8221;][et_pb_row _builder_version=&#8221;3.25&#8243; animation_style=&#8221;slide&#8221; animation_direction=&#8221;bottom&#8221; global_colors_info=&#8221;{}&#8221;][et_pb_column type=&#8221;4_4&#8243; _builder_version=&#8221;3.25&#8243; custom_padding=&#8221;|||&#8221; global_colors_info=&#8221;{}&#8221; custom_padding__hover=&#8221;|||&#8221;][et_pb_text _builder_version=&#8221;4.11.1&#8243; text_font=&#8221;||||||||&#8221; text_text_color=&#8221;#000000&#8243; text_font_size=&#8221;15px&#8221; text_orientation=&#8221;center&#8221; global_colors_info=&#8221;{}&#8221;]<\/p>\n<p><strong>Opowiadamy obrazem ju\u017c od 10 lat!<\/strong><\/p>\n<p>Jeste\u015bmy zespo\u0142em filmowym, kt\u00f3ry we wszystkim potrafi zobaczy\u0107 kadry warte pokazania oraz historie warte opowiedzenia. Realizujemy reklamy, teledyski, filmy dokumentalne, filmy korporacyjne, filmy eventowe i inne formy filmowe.<\/p>\n<p>To dla nas wi\u0119cej ni\u017c praca. Kr\u0119cimy, bo nas to kr\u0119ci.<\/p>\n<p>[\/et_pb_text][\/et_pb_column][\/et_pb_row][et_pb_row _builder_version=&#8221;3.25&#8243; width=&#8221;60%&#8221; max_width=&#8221;60%&#8221; custom_padding=&#8221;5px|0px|53px|0px|false|false&#8221; use_custom_width=&#8221;on&#8221; width_unit=&#8221;off&#8221; custom_width_percent=&#8221;60%&#8221; global_colors_info=&#8221;{}&#8221;][et_pb_column type=&#8221;4_4&#8243; _builder_version=&#8221;3.25&#8243; custom_padding=&#8221;|||&#8221; global_colors_info=&#8221;{}&#8221; custom_padding__hover=&#8221;|||&#8221;][et_pb_text _builder_version=&#8221;4.11.1&#8243; text_font=&#8221;||||||||&#8221; text_text_color=&#8221;#000000&#8243; text_font_size=&#8221;15px&#8221; text_orientation=&#8221;center&#8221; animation_style=&#8221;slide&#8221; animation_direction=&#8221;bottom&#8221; global_colors_info=&#8221;{}&#8221;]<\/p>\n<p><strong>Mamy wizj\u0119 i do\u015bwiadczenie<\/strong>. Ka\u017cdy temat traktujemy jak histori\u0119 do opowiedzenia. Ka\u017cdy film \u2013 jak okazj\u0119 do pokazania interesuj\u0105cych, kunsztownych kadr\u00f3w.<\/p>\n<p><strong>Zajmujemy si\u0119 produkcj\u0105 od A do Z<\/strong>. Od pomys\u0142u i scenariusza, przez casting i scenografi\u0119, po plan zdj\u0119ciowy i postprodukcj\u0119.<\/p>\n<p><strong>Wsp\u00f3\u0142pracujemy z najlepszymi<\/strong>. Od scenarzyst\u00f3w po kompozytor\u00f3w, tw\u00f3rc\u00f3w efekt\u00f3w specjalnych czy scenograf\u00f3w. Dobieramy ekip\u0119 do projektu, dzi\u0119ki czemu wyciskamy z bud\u017cetu wi\u0119cej, ni\u017c wydaje si\u0119 mo\u017cliwe.<\/p>\n<p>Wykonujemy nasz\u0105 prac\u0119 ju\u017c od ponad 10 lat. Napawa nas dum\u0105, \u017ce nie mieli\u015bmy jeszcze ani jednego niezadowolonego Klienta. Robimy to tak dobrze, poniewa\u017c potrafimy zrozumie\u0107 potrzeby klient\u00f3w i \u015bwietnie dogadujemy si\u0119 z ekip\u0105.<\/p>\n<p>Cokolwiek chcesz pokaza\u0107 \u2013 poka\u017cemy to od najlepszej strony. Zderz sw\u00f3j temat z naszymi pomys\u0142ami i zobacz, dok\u0105d nas to zaprowadzi.<\/p>\n<p>RUMBURAK Produkcja Filmowa.. <strong>polecamy si\u0119.<\/strong><\/p>\n<p>[\/et_pb_text][\/et_pb_column][\/et_pb_row][\/et_pb_section][et_pb_section fb_built=&#8221;1&#8243; _builder_version=&#8221;3.17.6&#8243; background_color=&#8221;#000000&#8243; custom_padding=&#8221;0|0px|0|0px|false|false&#8221; custom_css_main_element=&#8221;height: 50px;||display:flex;||align-items: center;&#8221; global_module=&#8221;222&#8243; global_colors_info=&#8221;{}&#8221;][et_pb_row column_structure=&#8221;1_3,1_3,1_3&#8243; module_class=&#8221;rumburak-footer&#8221; _builder_version=&#8221;3.25&#8243; width=&#8221;90%&#8221; max_width=&#8221;90%&#8221; custom_css_main_element=&#8221;display:flex;||align-items:center;||justify-content: center;&#8221; use_custom_width=&#8221;on&#8221; width_unit=&#8221;off&#8221; custom_width_percent=&#8221;90%&#8221; global_colors_info=&#8221;{}&#8221;][et_pb_column type=&#8221;1_3&#8243; _builder_version=&#8221;3.25&#8243; custom_padding=&#8221;|||&#8221; custom_css_main_element=&#8221;display:flex;||align-content:center;||align-items: center;||justify-content: space-around;&#8221; global_colors_info=&#8221;{}&#8221; custom_padding__hover=&#8221;|||&#8221;][et_pb_image src=&#8221;https:\/\/rumburakprodukcja.pl\/wp-content\/uploads\/2018\/12\/logo_small.svg&#8221; align_tablet=&#8221;center&#8221; align_phone=&#8221;&#8221; align_last_edited=&#8221;on|desktop&#8221; module_class=&#8221;footer-logo&#8221; _builder_version=&#8221;3.23&#8243; global_colors_info=&#8221;{}&#8221;][\/et_pb_image][et_pb_text _builder_version=&#8221;3.27.4&#8243; text_font=&#8221;|700|||||||&#8221; background_layout=&#8221;dark&#8221; global_colors_info=&#8221;{}&#8221;]<\/p>\n<p>Rumburak \u00a9<\/p>\n<p>[\/et_pb_text][\/et_pb_column][et_pb_column type=&#8221;1_3&#8243; _builder_version=&#8221;3.25&#8243; custom_padding=&#8221;|||&#8221; global_colors_info=&#8221;{}&#8221; custom_padding__hover=&#8221;|||&#8221;][et_pb_social_media_follow _builder_version=&#8221;4.11.1&#8243; text_orientation=&#8221;center&#8221; global_colors_info=&#8221;{}&#8221;][et_pb_social_media_follow_network social_network=&#8221;facebook&#8221; url=&#8221;https:\/\/www.facebook.com\/RumburakProdukcja\/&#8221; _builder_version=&#8221;3.17.6&#8243; background_color=&#8221;rgba(59,89,152,0)&#8221; global_colors_info=&#8221;{}&#8221; follow_button=&#8221;off&#8221; url_new_window=&#8221;on&#8221;]<\/p>\n<p>facebook<\/p>\n<p>[\/et_pb_social_media_follow_network][et_pb_social_media_follow_network social_network=&#8221;vimeo&#8221; url=&#8221;https:\/\/vimeo.com\/user56658298&#8243; _builder_version=&#8221;4.11.1&#8243; background_color=&#8221;RGBA(0,0,0,0)&#8221; background_enable_color=&#8221;on&#8221; global_colors_info=&#8221;{}&#8221; follow_button=&#8221;off&#8221; url_new_window=&#8221;on&#8221;]vimeo[\/et_pb_social_media_follow_network][et_pb_social_media_follow_network social_network=&#8221;instagram&#8221; url=&#8221;https:\/\/www.instagram.com\/rumburakprodukcja\/&#8221; _builder_version=&#8221;3.17.6&#8243; background_color=&#8221;rgba(255,255,255,0)&#8221; global_colors_info=&#8221;{}&#8221; follow_button=&#8221;off&#8221; url_new_window=&#8221;on&#8221;]<\/p>\n<p>instagram<\/p>\n<p>[\/et_pb_social_media_follow_network][\/et_pb_social_media_follow][\/et_pb_column][et_pb_column type=&#8221;1_3&#8243; _builder_version=&#8221;3.25&#8243; custom_padding=&#8221;|||&#8221; global_colors_info=&#8221;{}&#8221; custom_padding__hover=&#8221;|||&#8221;][et_pb_code _builder_version=&#8221;3.17.6&#8243; text_orientation=&#8221;right&#8221; global_colors_info=&#8221;{}&#8221;]<!-- [et_pb_line_break_holder] --> <div class=\"trp_language_switcher_shortcode\">\n<div class=\"trp-language-switcher trp-language-switcher-container\" data-no-translation >\n    <div class=\"trp-ls-shortcode-current-language\">\n        <a href=\"#\" class=\"trp-ls-shortcode-disabled-language trp-ls-disabled-language\" title=\"English\" onclick=\"event.preventDefault()\">\n\t\t\t EN\t\t<\/a>\n    <\/div>\n    <div class=\"trp-ls-shortcode-language\">\n                <a href=\"#\" class=\"trp-ls-shortcode-disabled-language trp-ls-disabled-language\"  title=\"English\" onclick=\"event.preventDefault()\">\n\t\t\t EN\t\t<\/a>\n                    <a href=\"https:\/\/rumburakprodukcja.pl\/en\/wp-json\/wp\/v2\/pages\/10#TRPLINKPROCESSED\" title=\"Polish\">\n             PL        <\/a>\n\n        <\/div>\n    <script type=\"application\/javascript\">\n        \/\/ need to have the same with set from JS on both divs. Otherwise it can push stuff around in HTML\n        var trp_ls_shortcodes = document.querySelectorAll('.trp_language_switcher_shortcode .trp-language-switcher');\n        if ( trp_ls_shortcodes.length > 0) {\n            \/\/ get the last language switcher added\n            var trp_el = trp_ls_shortcodes[trp_ls_shortcodes.length - 1];\n\n            var trp_shortcode_language_item = trp_el.querySelector( '.trp-ls-shortcode-language' )\n            \/\/ set width\n            var trp_ls_shortcode_width                                               = trp_shortcode_language_item.offsetWidth + 16;\n            trp_shortcode_language_item.style.width                                  = trp_ls_shortcode_width + 'px';\n            trp_el.querySelector( '.trp-ls-shortcode-current-language' ).style.width = trp_ls_shortcode_width + 'px';\n\n            \/\/ We're putting this on display: none after we have its width.\n            trp_shortcode_language_item.style.display = 'none';\n        }\n    <\/script>\n<\/div>\n<\/div><!-- [et_pb_line_break_holder] --><!-- [et_pb_line_break_holder] --><!-- [et_pb_line_break_holder] -->[\/et_pb_code][\/et_pb_column][\/et_pb_row][\/et_pb_section]<\/p>\n","protected":false},"excerpt":{"rendered":"<p>O nasOpowiadamy obrazem ju\u017c od 10 lat! Jeste\u015bmy zespo\u0142em filmowym, kt\u00f3ry we wszystkim potrafi zobaczy\u0107 kadry warte pokazania oraz historie warte opowiedzenia. Realizujemy reklamy, teledyski, filmy dokumentalne, filmy korporacyjne, filmy eventowe i inne formy filmowe. To dla nas wi\u0119cej ni\u017c praca. Kr\u0119cimy, bo nas to kr\u0119ci.Mamy wizj\u0119 i do\u015bwiadczenie. Ka\u017cdy temat traktujemy jak histori\u0119 do [&hellip;]<\/p>\n","protected":false},"author":1,"featured_media":0,"parent":0,"menu_order":0,"comment_status":"closed","ping_status":"closed","template":"","meta":{"_et_pb_use_builder":"on","_et_pb_old_content":"","_et_gb_content_width":"","inline_featured_image":false},"_links":{"self":[{"href":"https:\/\/rumburakprodukcja.pl\/en\/wp-json\/wp\/v2\/pages\/10"}],"collection":[{"href":"https:\/\/rumburakprodukcja.pl\/en\/wp-json\/wp\/v2\/pages"}],"about":[{"href":"https:\/\/rumburakprodukcja.pl\/en\/wp-json\/wp\/v2\/types\/page"}],"author":[{"embeddable":true,"href":"https:\/\/rumburakprodukcja.pl\/en\/wp-json\/wp\/v2\/users\/1"}],"replies":[{"embeddable":true,"href":"https:\/\/rumburakprodukcja.pl\/en\/wp-json\/wp\/v2\/comments?post=10"}],"version-history":[{"count":4,"href":"https:\/\/rumburakprodukcja.pl\/en\/wp-json\/wp\/v2\/pages\/10\/revisions"}],"predecessor-version":[{"id":2694,"href":"https:\/\/rumburakprodukcja.pl\/en\/wp-json\/wp\/v2\/pages\/10\/revisions\/2694"}],"wp:attachment":[{"href":"https:\/\/rumburakprodukcja.pl\/en\/wp-json\/wp\/v2\/media?parent=10"}],"curies":[{"name":"wp","href":"https:\/\/api.w.org\/{rel}","templated":true}]}}