{"id":14,"date":"2018-11-24T11:00:25","date_gmt":"2018-11-24T11:00:25","guid":{"rendered":"http:\/\/localhost:8888\/rumburak\/?page_id=14"},"modified":"2022-01-20T14:49:59","modified_gmt":"2022-01-20T13:49:59","slug":"produkcja-filmowa","status":"publish","type":"page","link":"https:\/\/rumburakprodukcja.pl\/en\/produkcja-filmowa\/","title":{"rendered":"us\u0142ugi"},"content":{"rendered":"<p>[et_pb_section fb_built=&#8221;1&#8243; module_class=&#8221;rumburak-services&#8221; _builder_version=&#8221;3.25.2&#8243; custom_padding=&#8221;60px|0px|54px|0px|false|false&#8221; custom_css_main_element=&#8221;   height: calc(100vh &#8211; 105px);||\toverflow-y: auto;&#8221; global_colors_info=&#8221;{}&#8221;][et_pb_row _builder_version=&#8221;3.25&#8243; max_width=&#8221;80%&#8221; custom_padding=&#8221;14px|0px|0|0px|false|false&#8221; use_custom_width=&#8221;on&#8221; width_unit=&#8221;off&#8221; global_colors_info=&#8221;{}&#8221;][et_pb_column type=&#8221;4_4&#8243; _builder_version=&#8221;3.25&#8243; custom_padding=&#8221;||5px|&#8221; global_colors_info=&#8221;{}&#8221; custom_padding__hover=&#8221;|||&#8221;][et_pb_text _builder_version=&#8221;3.27.4&#8243; text_font=&#8221;||||||||&#8221; header_font=&#8221;||||||||&#8221; header_font_size=&#8221;27px&#8221; header_2_font=&#8221;|800|||||||&#8221; header_2_font_size=&#8221;50px&#8221; global_colors_info=&#8221;{}&#8221;]<\/p>\n<h2>Us\u0142ugi<\/h2>\n<p>[\/et_pb_text][\/et_pb_column][\/et_pb_row][et_pb_row _builder_version=&#8221;3.25&#8243; max_width=&#8221;80%&#8221; custom_margin=&#8221;0px||0px|&#8221; custom_padding=&#8221;26px|0px|27px|0px|false|false&#8221; use_custom_width=&#8221;on&#8221; width_unit=&#8221;off&#8221; global_colors_info=&#8221;{}&#8221;][et_pb_column type=&#8221;4_4&#8243; _builder_version=&#8221;3.25&#8243; custom_padding=&#8221;|||&#8221; global_colors_info=&#8221;{}&#8221; custom_padding__hover=&#8221;|||&#8221;][et_pb_tabs active_tab_background_color=&#8221;rgba(0,0,0,0)&#8221; inactive_tab_background_color=&#8221;rgba(0,0,0,0)&#8221; _builder_version=&#8221;4.11.1&#8243; tab_text_color=&#8221;#000000&#8243; body_text_color=&#8221;#000000&#8243; tab_font=&#8221;||||||||&#8221; custom_padding=&#8221;111px||17px|||&#8221; global_colors_info=&#8221;{}&#8221;][et_pb_tab title=&#8221;kompleksowa produkcja filmowa&#8221; _builder_version=&#8221;4.11.1&#8243; global_colors_info=&#8221;{}&#8221;]<\/p>\n<div class=\"translation-block\">\n<p><strong>Realizujemy filmy od A do Z<\/strong> \u2013 pozostaj\u0105c z Tob\u0105 w bliskim kontakcie. Opowiadamy historie w spos\u00f3b, kt\u00f3ry odda sprawiedliwo\u015b\u0107 Twojej wizji, a zarazem spodoba si\u0119 widzowi.<\/p>\n<p>Realizacja ka\u017cdego projektu dzieli si\u0119 na trzy fazy.<\/p>\n<p><strong>Preprodukcja<\/strong> to om\u00f3wienie briefu, opracowanie koncepcji i scenariusza, okre\u015blenie szczeg\u00f3\u0142\u00f3w realizacji i warunk\u00f3w wsp\u00f3\u0142pracy oraz oszacowanie potrzebnego bud\u017cetu.<\/p>\n<p><strong>Produkcja<\/strong> to przygotowanie lokacji oraz plan\u00f3w filmowych, dob\u00f3r ekipy zdj\u0119ciowej, aktor\u00f3w i sprz\u0119tu filmowego, a wreszcie realizacja materia\u0142u na planie.<\/p>\n<p><strong>Postprodukcja<\/strong> to z kolei monta\u017c, korekcja barwna oraz grading zrealizowanego materia\u0142u filmowego. To tak\u017ce wykonanie dodatkowych element\u00f3w graficznych czy animacji 3D, zatrudnienie lektora czy stworzenie oprawy muzycznej.<\/p>\n<p>Zdarza si\u0119, \u017ce projekt filmowy nie jest na tyle skomplikowany, aby wymagane by\u0142y wszystkie z powy\u017cszych krok\u00f3w. Przyk\u0142adowo, w przypadku filmu eventowego zdj\u0119cia odbywaj\u0105 si\u0119 podczas wydarzenia, odpada wi\u0119c casting czy przygotowanie scenografii.<\/p>\n<p><strong>Ceny kalkulowane s\u0105 indywidualnie, w dopasowaniu do warunk\u00f3w projektu i wymaga\u0144 Klienta.<\/strong><\/p>\n<p>Czynniki, kt\u00f3re maj\u0105 wp\u0142yw na wycen\u0119, s\u0105 nast\u0119puj\u0105ce:<br \/>\u2013 liczba dni zdj\u0119ciowych,<br \/>\u2013 liczba i rodzaj lokacji (np. studio, plener, siedziba firmy),<br \/>\u2013 ilo\u015b\u0107 oraz rodzaj sprz\u0119tu filmowego (sprz\u0119t kamerowy, o\u015bwietlenie, osprz\u0119t, dron),<br \/>\u2013 casting,<br \/>\u2013 lektor,<br \/>\u2013 t\u0142umaczenie,<br \/>\u2013 muzyka z banku muzyki lub oryginalna,<br \/>\u2013 research oraz praca nad scenariuszem i briefem,<br \/>\u2013 koszty wykonania \/ wypo\u017cyczenia element\u00f3w scenografii, rekwizyt\u00f3w,<br \/>\u2013 d\u0142ugo\u015b\u0107 filmu, czyli liczba minut postprodukcji (monta\u017c, kolor korekcja, grading),<br \/>\u2013 liczba i rodzaj plansz graficznych oraz animacji 2D\/3D,<br \/>\u2013 realizacja oraz postprodukcja d\u017awi\u0119ku,<br \/>\u2013 wiza\u017cystka, stylista na planie,<br \/>\u2013 transport ekipy oraz sprz\u0119tu.<\/p>\n<\/div>\n<p>[\/et_pb_tab][et_pb_tab title=&#8221;zdj\u0119cia lotnicze&#8221; _builder_version=&#8221;3.17.6&#8243; tab_font=&#8221;||||||||&#8221; global_colors_info=&#8221;{}&#8221;]<\/p>\n<div class=\"translation-block\">\n<p>Oferujemy wysokiej jako\u015bci zdj\u0119cia lotnicze (materia\u0142 video lub foto) realizowane za pomoc\u0105 bezza\u0142ogowych wielowirnikowc\u00f3w popularnie nazywanych dronami. Zastosowanie 3-osiowego, stabilizowanego gimbala, na kt\u00f3rym zamocowana jest kamera,&nbsp;pozwala na realizacj\u0119 niezwykle p\u0142ynnych uj\u0119\u0107, dodatkowo stabilizowanych w procesie postprodukcji.<\/p>\n<p>Jeste\u015bmy w stanie prowadzi\u0107 bardzo precyzyjne, w pe\u0142ni kontrolowane uj\u0119cia jeszcze niedawno zarezerwowane tylko dla wysokobud\u017cetowych produkcji.<\/p>\n<p>Posiadamy wszystkie wymagane w polskim prawie certyfikaty pozwalaj\u0105ce na wykonywanie komercyjnych lot\u00f3w przy u\u017cyciu dron\u00f3w (UAVO\/RPA), ubezpieczenie OC.<\/p>\n<p>Cena zale\u017cy od miejsca wykonywania zdj\u0119\u0107: teren niezabudowany, miasto, loty nad wod\u0105, loty w strefie kontrolowanej, loty w nocy.<\/p>\n<p><strong>Cena za lotnicze zdj\u0119cia filmowe:<\/strong><br \/> od 1 000 z\u0142 netto \/ 1 dzie\u0144 zdj\u0119ciowy&nbsp;(+ koszty dojazdu powy\u017cej 15 km)<\/p>\n<p><strong>Cena za fotografi\u0119 lotnicz\u0105:<\/strong><br \/> od 700 z\u0142 netto \/ 1 dzie\u0144 zdj\u0119ciowy&nbsp;(+ koszty dojazdu powy\u017cej 15 km)<\/p>\n<\/div>\n<p>[\/et_pb_tab][et_pb_tab title=&#8221;rodzaje format\u00f3w filmowych&#8221; _builder_version=&#8221;3.17.6&#8243; global_colors_info=&#8221;{}&#8221;]<\/p>\n<div class=\"translation-block\">\n<p><strong>FILM \/ SPOT REKLAMOWY<\/strong><\/p>\n<p>Spot reklamowy do emisji telewizyjnej lub p\u0142atnej emisji internetowej trwa najcz\u0119\u015bciej 30 sekund, wyst\u0119puj\u0105 r\u00f3wnie\u017c wersje kr\u00f3tsze i d\u0142u\u017csze \u2013 trwaj\u0105ce 45 lub 15 sekund.<\/p>\n<p>Spoty reklamowe s\u0105 skutecznym narz\u0119dziem podnosz\u0105cym sprzeda\u017c i buduj\u0105cym \u015bwiadomo\u015b\u0107 marki.<\/p>\n<p>Filmy reklamowe mog\u0105 by\u0107 r\u00f3wnie\u017c tworzone specjalnie do bezp\u0142atnej emisji w Internecie lub w celu wy\u015bwietlania na ekranach LCD podczas targ\u00f3w, spotka\u0144 biznesowych b\u0105d\u017a w galeriach handlowych. Film reklamowy ma raczej kr\u00f3tk\u0105 form\u0119 (do 1,5 minuty) ale nie ma wyra\u017anego ograniczenia czasowego, powinien trwa\u0107 dok\u0142adnie tyle, aby w pe\u0142ni wyrazi\u0107 zamierzony przekaz.<\/p>\n<p>Przysz\u0142o\u015bci\u0105 spot\u00f3w reklamowych jest Internet \u2013 najszybciej rozwijaj\u0105cy si\u0119 \u015brodek masowego przekazu. Reklama internetowa umo\u017cliwia lepsze dopasowanie kampanii do okre\u015blonych grup docelowych oraz nie wymaga bardzo du\u017cych bud\u017cet\u00f3w.<\/p>\n<p><strong>SPOT PRODUKTOWY<\/strong><\/p>\n<p>Cz\u0119sto stosowan\u0105 form\u0105 spotu internetowego s\u0105 spoty produktowe. Realizujemy je w studiu z wykorzystaniem starannie dobranych te\u0142 lub na green screenie &#8211; eksponuj\u0105c produkty w postprodukcji. Reklamowane produkty mo\u017cna r\u00f3wnie\u017c prezentowa\u0107 w u\u017cyciu &#8211; np. sprz\u0119t fitness podczas \u0107wicze\u0144. Spoty produktowe mo\u017cna wykorzystywa\u0107 w sklepach internetowych, poprzez media spo\u0142eczno\u015bciowe oraz na portalach aukcyjnych.<\/p>\n<p><strong>FILM PROMOCYJNY<\/strong><\/p>\n<p>W Rumburak Produkcja realizujemy filmy promocyjne dla firm, miast, region\u00f3w, instytucji oraz organizacji. Film promocyjny jest zazwyczaj d\u0142u\u017cszy ni\u017c firm reklamowy, zawiera wi\u0119cej informacji o temacie, kt\u00f3rego dotyczy.<\/p>\n<p>Filmy promocyjne wy\u015bwietlisz na targach, w siedzibie firmy lub galerii handlowej. Umieszczaj\u0105c taki film na stronie internetowej szybko zdob\u0119dziesz zainteresowanie os\u00f3b, kt\u00f3re b\u0119d\u0105 j\u0105 przegl\u0105da\u0142y.<\/p>\n<p><strong>FILM KORPORACYJNY<\/strong><\/p>\n<p>Film korporacyjny jest doskona\u0142ym \u015brodkiem komunikacji wewn\u0105trz firmy i budowania jej wizerunku na zewn\u0105trz. <span>Uwa\u017camy, \u017ce skuteczny, przekonuj\u0105cy film korporacyjny powinien przede wszystkim budowa\u0107 zaufanie.<\/span><\/p>\n<p>Filmy korporacyjne wspomagaj\u0105 dzia\u0142ania public relations na targach, konferencjach, prezentacjach wewn\u0119trznych, spotkaniach biznesowych. Niebanalny monta\u017c, \u015bwie\u017ce pomys\u0142y, nowoczesne techniki filmowe pozwol\u0105 Ci w ciekawy spos\u00f3b zaprezentowa\u0107 firm\u0119, jej histori\u0119, relacje inwestorskie, relacje z klientami.<\/p>\n<p>Film korporacyjny mo\u017cna zamie\u015bci\u0107 na stronie internetowej jako filmow\u0105 prezentacj\u0119 misji przedsi\u0119biorstwa.<\/p>\n<p><strong>FILM DOKUMENTALNY<\/strong><\/p>\n<p>Zajmujemy si\u0119 r\u00f3wnie\u017c produkcj\u0105 film\u00f3w dokumentalnych, kt\u00f3re maj\u0105 d\u0142u\u017csze ramy czasowe oraz kr\u00f3tszych form, maj\u0105cych cechy filmu dokumentalnego. Mog\u0105 mie\u0107 one r\u00f3wnie\u017c form\u0119 film\u00f3w turystycznych lub film\u00f3w reporta\u017cowych.<\/p>\n<p>W Rumburak Produkcja filmy dokumentalne realizujemy kompleksowo &#8211; od&nbsp;<span>dokumentacji poprzez wypracowanie koncepcji a\u017c po kompletn\u0105 produkcj\u0119 i postprodukcj\u0119.<\/span><\/p>\n<p><strong>FILM EVENTOWY<\/strong><\/p>\n<p>Film dzi\u0119ki kt\u00f3remu zaprezentujesz relacje z jubileuszu, koncertu, promocji, imprezy, wystawy lub podobnego wydarzenia. Konstrukcja film\u00f3w eventowych mo\u017ce by\u0107 rozmaita, zale\u017cy w znacznej mierze od harmonogramu danego wydarzenia. Czas trwania takiego filmu jest ograniczony tylko i wy\u0142\u0105cznie oczekiwaniami klienta.<\/p>\n<p>Niebanalne uj\u0119cia, ciekawy monta\u017c i dobrze dobrana muzyka to podstawa naszych produkcji. Wywiady z uczestnikami oraz rejestracja audio z wydarzenia, to elementy, kt\u00f3re mog\u0105 uatrakcyjni\u0107 film eventowy.<\/p>\n<p>Po publikacji filmu na stronie internetowej lub portalu spo\u0142eczno\u015bciowym, film eventowy zacznie \u017cy\u0107 swoim \u017cyciem i sprawi, \u017ce o wydarzeniu b\u0119dzie g\u0142o\u015bnio jeszcze d\u0142ugo po jego zako\u0144czeniu.<\/p>\n<p><b>TELEDYSK<\/b><\/p>\n<p>Realizujemy profesjonalne teledyski, filmy promocyjne, reporta\u017ce i filmy dokumentalne dla artyst\u00f3w muzycznych. Realizujemy r\u00f3wnie\u017c DVD\/Blu-Ray z koncert\u00f3w. W naszej pracy nie zamykamy si\u0119 na \u017caden gatunek muzyczny.<\/p>\n<p><strong>SPOT SPONSORSKI \/ TELEBIMOWY<\/strong><\/p>\n<p>Bardzo kr\u00f3tki format filmowy lub graficzny (do 8 sekund). Spot sponsorski wy\u015bwietlany jest na pocz\u0105tku lub na ko\u0144cu programu, opatrzony najcz\u0119\u015bciej komentarzem: \u201ena program zaprasza\u201d, \u201eprogram sponsoruje\u201d.<\/p>\n<p>Z kolei spot telebimowy wy\u015bwietlany jest na ekranach led-owych w przestrzeni miejskiej. Sk\u0142ada si\u0119 zazwyczaj z nazwy, logo i has\u0142a reklamowego, b\u0105d\u017a prezentuje konkretny produkt, us\u0142ug\u0119, ide\u0119 lub wydarzenie.<\/p>\n<p><strong>ZDJ\u0118CIA \/ FOTO RELACJA<\/strong><\/p>\n<p>Zdj\u0119cia, dzi\u0119ki kt\u00f3rym utrwalisz najwa\u017cniejsze momenty z koncertu, promocji, imprezy, wystawy lub podobnego wydarzenia. Wykonujemy tak\u017ce reporta\u017ce sportowe, organizujemy sesje produktowe oraz korporacyjne.<\/p>\n<\/div>\n<p>[\/et_pb_tab][\/et_pb_tabs][\/et_pb_column][\/et_pb_row][\/et_pb_section][et_pb_section fb_built=&#8221;1&#8243; _builder_version=&#8221;3.17.6&#8243; background_color=&#8221;#000000&#8243; custom_padding=&#8221;0|0px|0|0px|false|false&#8221; custom_css_main_element=&#8221;height: 50px;||display:flex;||align-items: center;&#8221; global_module=&#8221;222&#8243; global_colors_info=&#8221;{}&#8221;][et_pb_row column_structure=&#8221;1_3,1_3,1_3&#8243; module_class=&#8221;rumburak-footer&#8221; _builder_version=&#8221;3.25&#8243; width=&#8221;90%&#8221; max_width=&#8221;90%&#8221; custom_css_main_element=&#8221;display:flex;||align-items:center;||justify-content: center;&#8221; use_custom_width=&#8221;on&#8221; width_unit=&#8221;off&#8221; custom_width_percent=&#8221;90%&#8221; global_colors_info=&#8221;{}&#8221;][et_pb_column type=&#8221;1_3&#8243; _builder_version=&#8221;3.25&#8243; custom_padding=&#8221;|||&#8221; custom_css_main_element=&#8221;display:flex;||align-content:center;||align-items: center;||justify-content: space-around;&#8221; global_colors_info=&#8221;{}&#8221; custom_padding__hover=&#8221;|||&#8221;][et_pb_image src=&#8221;https:\/\/rumburakprodukcja.pl\/wp-content\/uploads\/2018\/12\/logo_small.svg&#8221; align_tablet=&#8221;center&#8221; align_phone=&#8221;&#8221; align_last_edited=&#8221;on|desktop&#8221; module_class=&#8221;footer-logo&#8221; _builder_version=&#8221;3.23&#8243; global_colors_info=&#8221;{}&#8221;][\/et_pb_image][et_pb_text _builder_version=&#8221;3.27.4&#8243; text_font=&#8221;|700|||||||&#8221; background_layout=&#8221;dark&#8221; global_colors_info=&#8221;{}&#8221;]<\/p>\n<p>Rumburak \u00a9<\/p>\n<p>[\/et_pb_text][\/et_pb_column][et_pb_column type=&#8221;1_3&#8243; _builder_version=&#8221;3.25&#8243; custom_padding=&#8221;|||&#8221; global_colors_info=&#8221;{}&#8221; custom_padding__hover=&#8221;|||&#8221;][et_pb_social_media_follow _builder_version=&#8221;4.11.1&#8243; text_orientation=&#8221;center&#8221; global_colors_info=&#8221;{}&#8221;][et_pb_social_media_follow_network social_network=&#8221;facebook&#8221; url=&#8221;https:\/\/www.facebook.com\/RumburakProdukcja\/&#8221; _builder_version=&#8221;3.17.6&#8243; background_color=&#8221;rgba(59,89,152,0)&#8221; global_colors_info=&#8221;{}&#8221; follow_button=&#8221;off&#8221; url_new_window=&#8221;on&#8221;]<\/p>\n<p>facebook<\/p>\n<p>[\/et_pb_social_media_follow_network][et_pb_social_media_follow_network social_network=&#8221;vimeo&#8221; url=&#8221;https:\/\/vimeo.com\/user56658298&#8243; _builder_version=&#8221;4.11.1&#8243; background_color=&#8221;RGBA(0,0,0,0)&#8221; background_enable_color=&#8221;on&#8221; global_colors_info=&#8221;{}&#8221; follow_button=&#8221;off&#8221; url_new_window=&#8221;on&#8221;]vimeo[\/et_pb_social_media_follow_network][et_pb_social_media_follow_network social_network=&#8221;instagram&#8221; url=&#8221;https:\/\/www.instagram.com\/rumburakprodukcja\/&#8221; _builder_version=&#8221;3.17.6&#8243; background_color=&#8221;rgba(255,255,255,0)&#8221; global_colors_info=&#8221;{}&#8221; follow_button=&#8221;off&#8221; url_new_window=&#8221;on&#8221;]<\/p>\n<p>instagram<\/p>\n<p>[\/et_pb_social_media_follow_network][\/et_pb_social_media_follow][\/et_pb_column][et_pb_column type=&#8221;1_3&#8243; _builder_version=&#8221;3.25&#8243; custom_padding=&#8221;|||&#8221; global_colors_info=&#8221;{}&#8221; custom_padding__hover=&#8221;|||&#8221;][et_pb_code _builder_version=&#8221;3.17.6&#8243; text_orientation=&#8221;right&#8221; global_colors_info=&#8221;{}&#8221;]<!-- [et_pb_line_break_holder] --> <div class=\"trp_language_switcher_shortcode\">\n<div class=\"trp-language-switcher trp-language-switcher-container\" data-no-translation >\n    <div class=\"trp-ls-shortcode-current-language\">\n        <a href=\"#\" class=\"trp-ls-shortcode-disabled-language trp-ls-disabled-language\" title=\"English\" onclick=\"event.preventDefault()\">\n\t\t\t EN\t\t<\/a>\n    <\/div>\n    <div class=\"trp-ls-shortcode-language\">\n                <a href=\"#\" class=\"trp-ls-shortcode-disabled-language trp-ls-disabled-language\"  title=\"English\" onclick=\"event.preventDefault()\">\n\t\t\t EN\t\t<\/a>\n                    <a href=\"https:\/\/rumburakprodukcja.pl\/en\/wp-json\/wp\/v2\/pages\/14#TRPLINKPROCESSED\" title=\"Polish\">\n             PL        <\/a>\n\n        <\/div>\n    <script type=\"application\/javascript\">\n        \/\/ need to have the same with set from JS on both divs. Otherwise it can push stuff around in HTML\n        var trp_ls_shortcodes = document.querySelectorAll('.trp_language_switcher_shortcode .trp-language-switcher');\n        if ( trp_ls_shortcodes.length > 0) {\n            \/\/ get the last language switcher added\n            var trp_el = trp_ls_shortcodes[trp_ls_shortcodes.length - 1];\n\n            var trp_shortcode_language_item = trp_el.querySelector( '.trp-ls-shortcode-language' )\n            \/\/ set width\n            var trp_ls_shortcode_width                                               = trp_shortcode_language_item.offsetWidth + 16;\n            trp_shortcode_language_item.style.width                                  = trp_ls_shortcode_width + 'px';\n            trp_el.querySelector( '.trp-ls-shortcode-current-language' ).style.width = trp_ls_shortcode_width + 'px';\n\n            \/\/ We're putting this on display: none after we have its width.\n            trp_shortcode_language_item.style.display = 'none';\n        }\n    <\/script>\n<\/div>\n<\/div><!-- [et_pb_line_break_holder] --><!-- [et_pb_line_break_holder] --><!-- [et_pb_line_break_holder] -->[\/et_pb_code][\/et_pb_column][\/et_pb_row][\/et_pb_section]<\/p>\n","protected":false},"excerpt":{"rendered":"<p>Us\u0142ugi Realizujemy filmy od A do Z \u2013 pozostaj\u0105c z Tob\u0105 w bliskim kontakcie. Opowiadamy historie w spos\u00f3b, kt\u00f3ry odda sprawiedliwo\u015b\u0107 Twojej wizji, a zarazem spodoba si\u0119 widzowi. Realizacja ka\u017cdego projektu dzieli si\u0119 na trzy fazy. Preprodukcja to om\u00f3wienie briefu, opracowanie koncepcji i scenariusza, okre\u015blenie szczeg\u00f3\u0142\u00f3w realizacji i warunk\u00f3w wsp\u00f3\u0142pracy oraz oszacowanie potrzebnego bud\u017cetu. Produkcja [&hellip;]<\/p>\n","protected":false},"author":1,"featured_media":0,"parent":0,"menu_order":0,"comment_status":"closed","ping_status":"closed","template":"","meta":{"_et_pb_use_builder":"on","_et_pb_old_content":"","_et_gb_content_width":"","inline_featured_image":false},"_links":{"self":[{"href":"https:\/\/rumburakprodukcja.pl\/en\/wp-json\/wp\/v2\/pages\/14"}],"collection":[{"href":"https:\/\/rumburakprodukcja.pl\/en\/wp-json\/wp\/v2\/pages"}],"about":[{"href":"https:\/\/rumburakprodukcja.pl\/en\/wp-json\/wp\/v2\/types\/page"}],"author":[{"embeddable":true,"href":"https:\/\/rumburakprodukcja.pl\/en\/wp-json\/wp\/v2\/users\/1"}],"replies":[{"embeddable":true,"href":"https:\/\/rumburakprodukcja.pl\/en\/wp-json\/wp\/v2\/comments?post=14"}],"version-history":[{"count":5,"href":"https:\/\/rumburakprodukcja.pl\/en\/wp-json\/wp\/v2\/pages\/14\/revisions"}],"predecessor-version":[{"id":2690,"href":"https:\/\/rumburakprodukcja.pl\/en\/wp-json\/wp\/v2\/pages\/14\/revisions\/2690"}],"wp:attachment":[{"href":"https:\/\/rumburakprodukcja.pl\/en\/wp-json\/wp\/v2\/media?parent=14"}],"curies":[{"name":"wp","href":"https:\/\/api.w.org\/{rel}","templated":true}]}}